{"id":9372,"date":"2016-11-23T02:42:07","date_gmt":"2016-11-23T02:42:07","guid":{"rendered":"http:\/\/creative-wp.com\/demos\/amwal\/?page_id=9372"},"modified":"2025-04-30T02:18:06","modified_gmt":"2025-04-30T08:18:06","slug":"home-page-2","status":"publish","type":"page","link":"https:\/\/grupomjgt.com\/","title":{"rendered":"Home Page 2"},"content":{"rendered":"<section class=\"wpb-content-wrapper\"><p>[vc_row full_width=\u00bbstretch_row_content_no_spaces\u00bb css=\u00bb.vc_custom_1726662040228{background-image: url(https:\/\/grupomjgt.com\/wp-content\/uploads\/revslider\/sl-home2-img1.jpg?id=10283) !important;}\u00bb][vc_column][vc_empty_space height=\u00bb75px\u00bb][vc_empty_space height=\u00bb75px\u00bb][vc_empty_space height=\u00bb75px\u00bb][vc_column_text]<\/p>\n<h1 style=\"text-align: center;\"><span style=\"color: #ffffff;\">\u00a1Bienvenido(a)!<\/span><\/h1>\n<p>[\/vc_column_text][vc_empty_space height=\u00bb75px\u00bb][\/vc_column][\/vc_row][vc_row full_width=\u00bbstretch_row_content_no_spaces\u00bb css=\u00bb.vc_custom_1726662699559{margin-top: -100px !important;padding-top: 100px !important;}\u00bb][vc_column][vc_empty_space height=\u00bb75px\u00bb]<div class=\"section-title title-block title-style-1 text-center\"><span class=\"top-title\"><\/span><h2 class=\"title\">Bienvenido(a)<\/h2><div class=\"sub-title\">A nuestro Sitio Web<\/div><span class=\"bottom-title\"><\/span><\/div>[vc_empty_space height=\u00bb75px\u00bb][vc_row_inner disable_element=\u00bbyes\u00bb][vc_column_inner width=\u00bb1\/6&#8243;][\/vc_column_inner][vc_column_inner width=\u00bb2\/3&#8243;][vc_column_text]<\/p>\n<h4 style=\"text-align: center;\">Bienvenido a Grupo M&amp;J donde hacemos m\u00e1s f\u00e1cil lo complicado. Nos especializamos en la gesti\u00f3n eficiente de tr\u00e1mites vehiculares, contables y empresariales, para que t\u00fa puedas concentrarte en lo que realmente importa.<\/h4>\n<h4 style=\"text-align: center;\">Nuestro compromiso es simplificar tus procesos y ahorrarte tiempo.<\/h4>\n<p>[\/vc_column_text][\/vc_column_inner][vc_column_inner width=\u00bb1\/6&#8243;][\/vc_column_inner][\/vc_row_inner][\/vc_column][\/vc_row][vc_row css=\u00bb.vc_custom_1746000750617{padding-top: 100px !important;}\u00bb][vc_column][vc_single_image image=\u00bb10508&#8243; img_size=\u00bbfull\u00bb alignment=\u00bbcenter\u00bb][vc_empty_space height=\u00bb75px\u00bb]<div class=\"section-title title-block title-style-1 text-center\"><span class=\"top-title\"><\/span><h2 class=\"title\">Nuestras Referencias<\/h2><div class=\"sub-title\">Lo que nuestros clientes dicen<\/div><span class=\"bottom-title\"><\/span><\/div>[vc_empty_space height=\u00bb75px\u00bb][\/vc_column][\/vc_row][vc_row css=\u00bb.vc_custom_1746001045169{padding-top: 100px !important;}\u00bb][vc_column width=\u00bb1\/4&#8243;][vc_single_image image=\u00bb10523&#8243; img_size=\u00bbfull\u00bb alignment=\u00bbcenter\u00bb style=\u00bbvc_box_border\u00bb onclick=\u00bblink_image\u00bb][\/vc_column][vc_column width=\u00bb1\/4&#8243;][vc_single_image image=\u00bb10524&#8243; img_size=\u00bbfull\u00bb alignment=\u00bbcenter\u00bb style=\u00bbvc_box_border\u00bb onclick=\u00bblink_image\u00bb][\/vc_column][vc_column width=\u00bb1\/4&#8243;][vc_single_image image=\u00bb10525&#8243; img_size=\u00bbfull\u00bb alignment=\u00bbcenter\u00bb style=\u00bbvc_box_border\u00bb onclick=\u00bblink_image\u00bb][\/vc_column][vc_column width=\u00bb1\/4&#8243;][vc_single_image image=\u00bb10526&#8243; img_size=\u00bbfull\u00bb alignment=\u00bbcenter\u00bb style=\u00bbvc_box_border\u00bb onclick=\u00bblink_image\u00bb][\/vc_column][\/vc_row][vc_row disable_element=\u00bbyes\u00bb css=\u00bb.vc_custom_1742449987998{padding-top: 100px !important;}\u00bb][vc_column]<div class=\"section-title title-block title-style-1 text-left\"><span class=\"top-title\"><\/span><h2 class=\"title\">Nuestras marcas<\/h2><div class=\"sub-title\">L\u00edderes en tr\u00e1mites de todo tipo<\/div><span class=\"bottom-title\"><\/span><\/div>[\/vc_column][\/vc_row][vc_row disable_element=\u00bbyes\u00bb css=\u00bb.vc_custom_1742449992558{padding-top: 100px !important;}\u00bb][vc_column width=\u00bb1\/2&#8243;][vc_hoverbox image=\u00bb10396&#8243; primary_title=\u00bb\u00bb hover_title=\u00bbGestiLey\u00bb hover_btn_title=\u00bbVer Website\u00bb hover_add_button=\u00bbtrue\u00bb hover_btn_link=\u00bburl:https%3A%2F%2Fwww.gestileygt.com|target:_blank\u00bb]Texto para representar la marca[\/vc_hoverbox][\/vc_column][vc_column width=\u00bb1\/2&#8243;][vc_hoverbox image=\u00bb10399&#8243; primary_title=\u00bb\u00bb hover_title=\u00bbLegaTr\u00e1mites\u00bb hover_btn_title=\u00bbVer Website\u00bb hover_add_button=\u00bbtrue\u00bb hover_btn_link=\u00bburl:%23&#8243;]Texto para representar la marca[\/vc_hoverbox][\/vc_column][\/vc_row][vc_row css=\u00bb.vc_custom_1476158823012{padding-top: 100px !important;}\u00bb][vc_column][vc_empty_space height=\u00bb75px\u00bb][\/vc_column][\/vc_row][vc_row css=\u00bb.vc_custom_1726664514145{padding-top: 100px !important;}\u00bb el_id=\u00bbsomos\u00bb][vc_column]<div class=\"section-title title-block title-style-1 text-center\"><span class=\"top-title\"><\/span><h2 class=\"title\">\u00bfPor qu\u00e9 nosotros?<\/h2><div class=\"sub-title\">Nuestros valores agregados<\/div><span class=\"bottom-title\"><\/span><\/div>[\/vc_column][\/vc_row][vc_row css=\u00bb.vc_custom_1726664607333{padding-top: 100px !important;background-image: url(http:\/\/creative-wp.com\/demos\/amwal\/wp-content\/uploads\/2016\/11\/home-2-bg-pricing.jpg?id=9395) !important;background-position: center !important;background-repeat: no-repeat !important;background-size: cover !important;}\u00bb][vc_column width=\u00bb1\/2&#8243;]<div class=\"section-title title-block title-style-1 text-center\"><span class=\"top-title\"><\/span><h2 class=\"title\">Nuestra Historia<\/h2><div class=\"sub-title\">\u00bfC\u00f3mo naci\u00f3 Grupo M&amp;J?<\/div><span class=\"bottom-title\"><\/span><\/div>[vc_empty_space height=\u00bb75px\u00bb][vc_column_text]Grupo M&amp;J naci\u00f3 con el prop\u00f3sito de simplificar los procesos burocr\u00e1ticos que suelen ser una carga tanto para contribuyentes como para empresas. Desde nuestros inicios, nos especializamos en la gesti\u00f3n de tr\u00e1mites de vehiculos, contables y empresariales, ofreciendo un servicio integral y personalizado. Con el tiempo, hemos logrado consolidarnos como un referente de confianza en el sector, gracias a nuestro equipo profesional y un enfoque orientado a la eficiencia.[\/vc_column_text][vc_empty_space height=\u00bb75px\u00bb]<div class=\"section-title title-block title-style-1 text-center\"><span class=\"top-title\"><\/span><h2 class=\"title\">Nuestra Visi\u00f3n<\/h2><div class=\"sub-title\">A donde queremos llegar<\/div><span class=\"bottom-title\"><\/span><\/div>[vc_empty_space height=\u00bb75px\u00bb][vc_column_text]Convertirnos en la empresa l\u00edder en la gesti\u00f3n de tr\u00e1mites reconocida por nuestra capacidad para optimizar procesos y facilitar la experiencia de nuestros clientes. Buscamos ser un referente en innovaci\u00f3n dentro del sector, adapt\u00e1ndonos continuamente a las nuevas normativas y tecnolog\u00edas para ofrecer servicios que no solo resuelvan las necesidades actuales, sino que anticipen los desaf\u00edos futuros de nuestros clientes.[\/vc_column_text][vc_empty_space height=\u00bb75px\u00bb][\/vc_column][vc_column width=\u00bb1\/2&#8243;]<div class=\"section-title title-block title-style-1 text-center\"><span class=\"top-title\"><\/span><h2 class=\"title\">Nuestra Misi\u00f3n<\/h2><div class=\"sub-title\">Lo que queremos lograr<\/div><span class=\"bottom-title\"><\/span><\/div>[vc_empty_space height=\u00bb75px\u00bb][vc_column_text]Proveer servicios de gesti\u00f3n de tr\u00e1mites vehiculares, contables y empresariales con el m\u00e1s alto est\u00e1ndar de calidad y profesionalismo. Nos enfocamos en ofrecer soluciones \u00e1giles y confiables, respaldadas por un equipo de expertos comprometidos con cumplir los tiempos establecidos y satisfacer las\u00a0 necesidades espec\u00edficas de nuestros clientes, garantizando siempre un servicio eficiente y transparente.[\/vc_column_text][vc_empty_space height=\u00bb75px\u00bb]<div class=\"section-title title-block title-style-1 text-center\"><span class=\"top-title\"><\/span><h2 class=\"title\">Nuestro Equipo<\/h2><div class=\"sub-title\">Los que hacen realidad todo<\/div><span class=\"bottom-title\"><\/span><\/div>[vc_empty_space height=\u00bb75px\u00bb][vc_column_text]Creemos que el \u00e9xito de nuestra empresa radica en la colaboraci\u00f3n y el talento de cada uno de nosotros. Nos enorgullece contar con un equipo diverso, donde cada persona juega un papel clave en nuestra misi\u00f3n de brindar soluciones \u00e1giles y confiables.<br \/>\nTe invitamos a conocer a quienes hacen posible que tu experiencia con nosotros sea siempre la mejor.[\/vc_column_text][vc_empty_space height=\u00bb75px\u00bb][\/vc_column][\/vc_row][vc_row css=\u00bb.vc_custom_1726662132173{padding-top: 20px !important;padding-bottom: 100px !important;}\u00bb][vc_column width=\u00bb1\/2&#8243; css=\u00bb.vc_custom_1481792125454{padding-top: 40px !important;}\u00bb][vc_empty_space][vc_empty_space][vc_single_image image=\u00bb10504&#8243; img_size=\u00bbfull\u00bb][vc_empty_space][\/vc_column][vc_column width=\u00bb1\/2&#8243; css=\u00bb.vc_custom_1481792131878{padding-top: 40px !important;}\u00bb][vc_row_inner][vc_column_inner width=\u00bb1\/2&#8243; css=\u00bb.vc_custom_1481792243501{padding-top: 40px !important;}\u00bb]<div class=\"amwal-icon-box  box-style-1\">\r\n\t\t\t\t <span class=\"b-icon icon-trophy\"><\/span><h4 class=\"title\">Somos Profesionales<\/h4><div class=\"desc\"><p>Brindamos un servicio profesional seg\u00fan la necesidad de nuestros clientes. Buscamos cumplir todos sus requisitos dejando claro que lo que sea que necsiten podemos realizarlo.<\/p>\n<\/div>\r\n\t\t\t<\/div>[\/vc_column_inner][vc_column_inner width=\u00bb1\/2&#8243; css=\u00bb.vc_custom_1481792249373{padding-top: 40px !important;}\u00bb]<div class=\"amwal-icon-box  box-style-1\">\r\n\t\t\t\t <span class=\"b-icon icon-briefcase\"><\/span><h4 class=\"title\">Equipo Experimentado<\/h4><div class=\"desc\"><p>Nuestro equipo tiene alta experiencia cada quien en su campo, brind\u00e1ndote el mejor servicio especializado seg\u00fan la expertise de cada uno.<\/p>\n<\/div>\r\n\t\t\t<\/div>[\/vc_column_inner][\/vc_row_inner][vc_row_inner][vc_column_inner width=\u00bb1\/2&#8243; css=\u00bb.vc_custom_1481792255118{padding-top: 40px !important;}\u00bb]<div class=\"amwal-icon-box  box-style-1\">\r\n\t\t\t\t <span class=\"b-icon icon-library\"><\/span><h4 class=\"title\">Eficiencia Legal<\/h4><div class=\"desc\"><p>Nuestros servicios son 100% legales y su eficiencia se deja ver desde que iniciamos los tr\u00e1mites hasta que entregamos el producto final, con una garant\u00eda total.<\/p>\n<\/div>\r\n\t\t\t<\/div>[\/vc_column_inner][vc_column_inner width=\u00bb1\/2&#8243; css=\u00bb.vc_custom_1481792260511{padding-top: 40px !important;}\u00bb]<div class=\"amwal-icon-box  box-style-1\">\r\n\t\t\t\t <span class=\"b-icon icon-user-tie\"><\/span><h4 class=\"title\">Soporte Profesional<\/h4><div class=\"desc\"><p>Brindamos el soporte profesional necesario para entregar los resultados esperados seg\u00fan el servicio contratado.<\/p>\n<\/div>\r\n\t\t\t<\/div>[\/vc_column_inner][\/vc_row_inner][\/vc_column][\/vc_row][vc_row css=\u00bb.vc_custom_1745999890125{padding-top: 100px !important;background-image: url(http:\/\/creative-wp.com\/demos\/amwal\/wp-content\/uploads\/2016\/11\/home-2-bg-pricing.jpg?id=9395) !important;background-position: center !important;background-repeat: no-repeat !important;background-size: cover !important;}\u00bb el_id=\u00bbservicios\u00bb][vc_column]<div class=\"section-title title-block title-style-1 light-skin text-center\"><span class=\"top-title\"><\/span><h2 class=\"title\">Nuestros Servicios<\/h2><div class=\"sub-title\">Los tr\u00e1mites que ofrecemos<\/div><span class=\"bottom-title\"><\/span><\/div>[\/vc_column][\/vc_row][vc_row css=\u00bb.vc_custom_1726664607333{padding-top: 100px !important;background-image: url(http:\/\/creative-wp.com\/demos\/amwal\/wp-content\/uploads\/2016\/11\/home-2-bg-pricing.jpg?id=9395) !important;background-position: center !important;background-repeat: no-repeat !important;background-size: cover !important;}\u00bb][vc_column][vc_row_inner][vc_column_inner][vc_column_text]<\/p>\n<h1><strong><em>Tramites de vehiculos<\/em><\/strong><\/h1>\n<h3>Traspasos electronicos de Carro y Motocicleta<\/h3>\n<p>Descripcion del proceso: Para realizar el traspaso electronico, se puede aplicar si tu tienes la documentacion de forma digital, lo que seria titulo del vehiculo, tarjeta de circulacion, fotografias del DPI de vendedor y comprador. Es importante que el titular del vehiculo pueda realizar la autorizacion desde la agencia virtual de SAT sin ese apoyo no podriamos realizar el traspaso en 45 minutos.<\/p>\n<h3>Traspasos con documentacion Antigua<\/h3>\n<p>Descripcion del proceso: Para realizar un traspaso con documentos antiguos es obligatorio tener titulo, tarjeta y DPI fisico del comprador (nuevo titular), lleva un proceso diferente ya que se ingresa por medio nuestros gestores autorizados, el proceso se lleva de 5 a 8 dias habiles y al finalizar el proceso los nuevos documentos se descargan desde la agencia virtual ya que se convierten en electronicos.<\/p>\n<h3>Traspasos por ingreso<\/h3>\n<p>Descripcion del proceso: Este tramite se aplica unicamente cuando pierdes la comunicaci\u00f3n con el titular del vehiculo, ya que no es posible realizarlo de forma inmediata sin la autorizacion desde la agencia virtual del titular, entonces nosotros te solucionamos el tramite ingresandolo por medio de nuestros gestores y se lleva de 5 a 8 dias habiles y es obligatorio tener titulo, tarjeta y el DPI fisico del comprador (nuevo titular).<\/p>\n<p>&nbsp;<\/p>\n<h3><strong><em>Otros tramites de vehiculos que realizamos:<\/em><\/strong><\/h3>\n<p>[\/vc_column_text][vc_empty_space][\/vc_column_inner][\/vc_row_inner][vc_row_inner][vc_column_inner width=\u00bb1\/4&#8243;][vc_column_text]<\/p>\n<ul>\n<li>Inactivacion de vehiculos.<\/li>\n<li>Activacion de Vehiculos.<\/li>\n<li>Reposicion de placas.<\/li>\n<li>Actualizacion de placas de papel a metal.<\/li>\n<li>Cambio de motor.<\/li>\n<li>Cambio de color.<\/li>\n<li>Reposicion de Documentos.<\/li>\n<li>Cambio de uso de placas.<\/li>\n<\/ul>\n<p>[\/vc_column_text][\/vc_column_inner][vc_column_inner width=\u00bb1\/4&#8243;][vc_column_text]<\/p>\n<ul>\n<li>\n<h3><strong><em>Tramites contables <\/em><\/strong><\/h3>\n<ul>\n<li>Actualizacion de RTU.<\/li>\n<li>Creacion de Agencia Virtual.<\/li>\n<li>Recuperacion de Agencia Virtual.<\/li>\n<li>Creacion de NIT.<\/li>\n<li>Baja de Omisos.<\/li>\n<li>Baja de Contribuyente.<\/li>\n<li>Inscripcion de contribuyente.<\/li>\n<\/ul>\n<\/li>\n<\/ul>\n<p>[\/vc_column_text][\/vc_column_inner][vc_column_inner width=\u00bb1\/4&#8243;][vc_column_text]<\/p>\n<h3><strong><em>Tramites Legales<\/em><\/strong><\/h3>\n<ul>\n<li style=\"list-style-type: none;\">\n<ul>\n<li>Inscripcion de Sociedad Anonima.<\/li>\n<li>Patentes de Comercio.<\/li>\n<li>Contratos de Arrendamiento.<\/li>\n<li>Compra ventas.<\/li>\n<li>Carta poder.<\/li>\n<li>Documentos legales de bienes.<\/li>\n<\/ul>\n<\/li>\n<\/ul>\n<p>[\/vc_column_text][\/vc_column_inner][vc_column_inner width=\u00bb1\/4&#8243;][vc_column_text]<\/p>\n<h3><strong><em>Trabajamos con las siguientes empresas- Capital<\/em><\/strong><\/h3>\n<ul>\n<li>Grupo Cayala<\/li>\n<li>Injursa<\/li>\n<li>Mundi Motors<\/li>\n<li>Automotrices Exacto<\/li>\n<li>Rc Autos<\/li>\n<\/ul>\n<p>[\/vc_column_text][\/vc_column_inner][\/vc_row_inner][vc_row_inner][vc_column_inner width=\u00bb1\/3&#8243;][\/vc_column_inner][vc_column_inner width=\u00bb1\/3&#8243;][vc_column_text]<\/p>\n<h3><strong><em>Trabajamos con las siguientes empresas- Capital<\/em><\/strong><\/h3>\n<ul>\n<li>Grupo Cayala<\/li>\n<li>Injursa<\/li>\n<li>Mundi Motors<\/li>\n<li>Automotrices Exacto<\/li>\n<li>Rc Autos<\/li>\n<\/ul>\n<p>[\/vc_column_text][\/vc_column_inner][vc_column_inner width=\u00bb1\/3&#8243;][\/vc_column_inner][\/vc_row_inner][\/vc_column][\/vc_row][vc_row css=\u00bb.vc_custom_1726664607333{padding-top: 100px !important;background-image: url(http:\/\/creative-wp.com\/demos\/amwal\/wp-content\/uploads\/2016\/11\/home-2-bg-pricing.jpg?id=9395) !important;background-position: center !important;background-repeat: no-repeat !important;background-size: cover !important;}\u00bb el_id=\u00bbequipo\u00bb][vc_column]<div class=\"section-title title-block title-style-1 light-skin text-center\"><span class=\"top-title\"><\/span><h2 class=\"title\">Nuestro Equipo<\/h2><div class=\"sub-title\">Los profesionales tras la eficiencia<\/div><span class=\"bottom-title\"><\/span><\/div>[\/vc_column][\/vc_row][vc_row css=\u00bb.vc_custom_1726664607333{padding-top: 100px !important;background-image: url(http:\/\/creative-wp.com\/demos\/amwal\/wp-content\/uploads\/2016\/11\/home-2-bg-pricing.jpg?id=9395) !important;background-position: center !important;background-repeat: no-repeat !important;background-size: cover !important;}\u00bb][vc_column][vc_tta_tabs style=\u00bbflat\u00bb shape=\u00bbsquare\u00bb color=\u00bbblack\u00bb alignment=\u00bbcenter\u00bb active_section=\u00bb1&#8243;][vc_tta_section title=\u00bbDirector General\u00bb tab_id=\u00bb1745999901129-bacc8c43-6447&#8243;][vc_row_inner][vc_column_inner width=\u00bb1\/2&#8243;][vc_single_image image=\u00bb10520&#8243; img_size=\u00bbfull\u00bb onclick=\u00bblink_image\u00bb][vc_empty_space][\/vc_column_inner][vc_column_inner width=\u00bb1\/2&#8243;][vc_single_image image=\u00bb10521&#8243; img_size=\u00bbfull\u00bb onclick=\u00bblink_image\u00bb][vc_empty_space][\/vc_column_inner][\/vc_row_inner][vc_row_inner][vc_column_inner width=\u00bb1\/2&#8243;][vc_single_image image=\u00bb10463&#8243; img_size=\u00bbfull\u00bb onclick=\u00bblink_image\u00bb][vc_empty_space][\/vc_column_inner][vc_column_inner width=\u00bb1\/2&#8243;][vc_single_image image=\u00bb10460&#8243; img_size=\u00bbfull\u00bb onclick=\u00bblink_image\u00bb][vc_empty_space][\/vc_column_inner][\/vc_row_inner][vc_row_inner][vc_column_inner width=\u00bb1\/3&#8243;][\/vc_column_inner][vc_column_inner width=\u00bb1\/3&#8243;][vc_single_image image=\u00bb10462&#8243; img_size=\u00bbfull\u00bb][vc_empty_space][\/vc_column_inner][vc_column_inner width=\u00bb1\/3&#8243;][\/vc_column_inner][\/vc_row_inner][\/vc_tta_section][vc_tta_section title=\u00bbAsistente Administrativa\u00bb tab_id=\u00bb1745999901512-b656aec3-b8fc\u00bb][vc_row_inner][vc_column_inner width=\u00bb1\/2&#8243;][vc_single_image image=\u00bb10469&#8243; img_size=\u00bbfull\u00bb onclick=\u00bblink_image\u00bb][vc_empty_space][\/vc_column_inner][vc_column_inner width=\u00bb1\/2&#8243;][vc_single_image image=\u00bb10470&#8243; img_size=\u00bbfull\u00bb onclick=\u00bblink_image\u00bb][vc_empty_space][\/vc_column_inner][\/vc_row_inner][vc_row_inner][vc_column_inner width=\u00bb1\/3&#8243;][\/vc_column_inner][vc_column_inner width=\u00bb1\/3&#8243;][vc_single_image image=\u00bb10471&#8243; img_size=\u00bbfull\u00bb onclick=\u00bblink_image\u00bb][vc_empty_space][\/vc_column_inner][vc_column_inner width=\u00bb1\/3&#8243;][\/vc_column_inner][\/vc_row_inner][\/vc_tta_section][vc_tta_section title=\u00bbAdministradora\u00bb tab_id=\u00bb1745999901848-d04ddc6b-82ee\u00bb][vc_row_inner][vc_column_inner width=\u00bb1\/2&#8243;][vc_single_image image=\u00bb10487&#8243; img_size=\u00bbfull\u00bb onclick=\u00bblink_image\u00bb][vc_empty_space][\/vc_column_inner][vc_column_inner width=\u00bb1\/2&#8243;][vc_single_image image=\u00bb10488&#8243; img_size=\u00bbfull\u00bb onclick=\u00bblink_image\u00bb][vc_empty_space][\/vc_column_inner][\/vc_row_inner][vc_row_inner][vc_column_inner width=\u00bb1\/2&#8243;][vc_single_image image=\u00bb10489&#8243; img_size=\u00bbfull\u00bb onclick=\u00bblink_image\u00bb][vc_empty_space][\/vc_column_inner][vc_column_inner width=\u00bb1\/2&#8243;][vc_single_image image=\u00bb10490&#8243; img_size=\u00bbfull\u00bb onclick=\u00bblink_image\u00bb][vc_empty_space][\/vc_column_inner][\/vc_row_inner][\/vc_tta_section][vc_tta_section title=\u00bbAsesor de Ventas\u00bb tab_id=\u00bb1745999902157-c2df6b5d-8b57&#8243;][vc_row_inner][vc_column_inner width=\u00bb1\/2&#8243;][vc_single_image image=\u00bb10473&#8243; img_size=\u00bbfull\u00bb onclick=\u00bblink_image\u00bb][vc_empty_space][\/vc_column_inner][vc_column_inner width=\u00bb1\/2&#8243;][vc_single_image image=\u00bb10474&#8243; img_size=\u00bbfull\u00bb onclick=\u00bblink_image\u00bb][vc_empty_space][\/vc_column_inner][\/vc_row_inner][vc_row_inner][vc_column_inner width=\u00bb1\/3&#8243;][\/vc_column_inner][vc_column_inner width=\u00bb1\/3&#8243;][vc_single_image image=\u00bb10475&#8243; img_size=\u00bbfull\u00bb onclick=\u00bblink_image\u00bb][vc_empty_space][\/vc_column_inner][vc_column_inner width=\u00bb1\/3&#8243;][\/vc_column_inner][\/vc_row_inner][\/vc_tta_section][vc_tta_section title=\u00bbEquipo y Oficinas\u00bb tab_id=\u00bb1745999902460-ef718d49-4ecb\u00bb][vc_row_inner][vc_column_inner width=\u00bb1\/2&#8243;][vc_single_image image=\u00bb10476&#8243; img_size=\u00bbfull\u00bb onclick=\u00bblink_image\u00bb][vc_empty_space][\/vc_column_inner][vc_column_inner width=\u00bb1\/2&#8243;][vc_single_image image=\u00bb10477&#8243; img_size=\u00bbfull\u00bb][vc_empty_space][\/vc_column_inner][\/vc_row_inner][vc_row_inner][vc_column_inner width=\u00bb1\/3&#8243;][vc_single_image image=\u00bb10478&#8243; img_size=\u00bbfull\u00bb][vc_empty_space][\/vc_column_inner][vc_column_inner width=\u00bb1\/3&#8243;][vc_single_image image=\u00bb10479&#8243; img_size=\u00bbfull\u00bb onclick=\u00bblink_image\u00bb][vc_empty_space][\/vc_column_inner][vc_column_inner width=\u00bb1\/3&#8243;][vc_single_image image=\u00bb10480&#8243; img_size=\u00bbfull\u00bb onclick=\u00bblink_image\u00bb][vc_empty_space][\/vc_column_inner][\/vc_row_inner][vc_row_inner][vc_column_inner width=\u00bb1\/3&#8243;][vc_single_image image=\u00bb10481&#8243; img_size=\u00bbfull\u00bb onclick=\u00bblink_image\u00bb][vc_empty_space][\/vc_column_inner][vc_column_inner width=\u00bb1\/3&#8243;][vc_single_image image=\u00bb10482&#8243; img_size=\u00bbfull\u00bb onclick=\u00bblink_image\u00bb][vc_empty_space][\/vc_column_inner][vc_column_inner width=\u00bb1\/3&#8243;][vc_single_image image=\u00bb10483&#8243; img_size=\u00bbfull\u00bb onclick=\u00bblink_image\u00bb][vc_empty_space][\/vc_column_inner][\/vc_row_inner][vc_row_inner][vc_column_inner width=\u00bb1\/3&#8243;][vc_single_image image=\u00bb10485&#8243; img_size=\u00bbfull\u00bb onclick=\u00bblink_image\u00bb][vc_empty_space][\/vc_column_inner][vc_column_inner width=\u00bb1\/3&#8243;][vc_single_image image=\u00bb10486&#8243; img_size=\u00bbfull\u00bb onclick=\u00bblink_image\u00bb][vc_empty_space][\/vc_column_inner][vc_column_inner width=\u00bb1\/3&#8243;][vc_single_image image=\u00bb10484&#8243; img_size=\u00bbfull\u00bb onclick=\u00bblink_image\u00bb][vc_empty_space][\/vc_column_inner][\/vc_row_inner][\/vc_tta_section][\/vc_tta_tabs][\/vc_column][\/vc_row][vc_row css=\u00bb.vc_custom_1726662175377{padding-top: 100px !important;padding-bottom: 230px !important;background-image: url(http:\/\/creative-wp.com\/demos\/amwal\/wp-content\/uploads\/2016\/11\/home-2-bg-pricing.jpg?id=9395) !important;background-position: center !important;background-repeat: no-repeat !important;background-size: cover !important;}\u00bb][vc_column][vc_single_image image=\u00bb10429&#8243; img_size=\u00bbfull\u00bb][vc_empty_space][vc_btn title=\u00bbCotizar Servicios\u00bb style=\u00bbflat\u00bb shape=\u00bbsquare\u00bb color=\u00bbblack\u00bb align=\u00bbcenter\u00bb i_icon_fontawesome=\u00bbfab fa-whatsapp\u00bb add_icon=\u00bbtrue\u00bb link=\u00bburl:https%3A%2F%2Fwa.link%2Fwqfu6p|target:_blank\u00bb][\/vc_column][\/vc_row][vc_row disable_element=\u00bbyes\u00bb css=\u00bb.vc_custom_1742450115202{padding-top: 100px !important;background-image: url(http:\/\/creative-wp.com\/demos\/amwal\/wp-content\/uploads\/2016\/11\/home-2-bg-pricing.jpg?id=9395) !important;background-position: center !important;background-repeat: no-repeat !important;background-size: cover !important;}\u00bb][vc_column]<div class=\"section-title title-block title-style-1 light-skin text-center\"><span class=\"top-title\"><\/span><h2 class=\"title\">Tr\u00e1mites de Veh\u00edculos<\/h2><div class=\"sub-title\">Lo que te ofrecemos<\/div><span class=\"bottom-title\"><\/span><\/div>[\/vc_column][\/vc_row][vc_row disable_element=\u00bbyes\u00bb css=\u00bb.vc_custom_1710825698458{padding-top: 100px !important;padding-bottom: 100px !important;}\u00bb][vc_column]<div class=\"amwal-clients  clients-style-1\"><div class=\"owl-client-list row\" id=\"clients-carousel-69fb202e7e7ed\"><\/div><\/div>[\/vc_column][\/vc_row]<\/p>\n<\/section>","protected":false},"excerpt":{"rendered":"<p>[vc_row full_width=\u00bbstretch_row_content_no_spaces\u00bb css=\u00bb.vc_custom_1726662040228{background-image: url(https:\/\/grupomjgt.com\/wp-content\/uploads\/revslider\/sl-home2-img1.jpg?id=10283) !important;}\u00bb][vc_column][vc_empty_space height=\u00bb75px\u00bb][vc_empty_space height=\u00bb75px\u00bb][vc_empty_space height=\u00bb75px\u00bb][vc_column_text] \u00a1Bienvenido(a)! [\/vc_column_text][vc_empty_space height=\u00bb75px\u00bb][\/vc_column][\/vc_row][vc_row full_width=\u00bbstretch_row_content_no_spaces\u00bb css=\u00bb.vc_custom_1726662699559{margin-top: -100px !important;padding-top: 100px !important;}\u00bb][vc_column][vc_empty_space height=\u00bb75px\u00bb][vc_empty_space height=\u00bb75px\u00bb][vc_row_inner disable_element=\u00bbyes\u00bb][vc_column_inner width=\u00bb1\/6&#8243;][\/vc_column_inner][vc_column_inner width=\u00bb2\/3&#8243;][vc_column_text] Bienvenido a Grupo M&amp;J donde hacemos m\u00e1s f\u00e1cil lo complicado. Nos especializamos en la gesti\u00f3n eficiente de tr\u00e1mites vehiculares, contables y empresariales, para que t\u00fa puedas concentrarte en lo que realmente importa. Nuestro&hellip;<\/p>\n","protected":false},"author":1,"featured_media":0,"parent":0,"menu_order":0,"comment_status":"closed","ping_status":"closed","template":"template-homepage.php","meta":{"_joinchat":[],"footnotes":""},"class_list":["post-9372","page","type-page","status-publish","hentry"],"_links":{"self":[{"href":"https:\/\/grupomjgt.com\/index.php?rest_route=\/wp\/v2\/pages\/9372","targetHints":{"allow":["GET"]}}],"collection":[{"href":"https:\/\/grupomjgt.com\/index.php?rest_route=\/wp\/v2\/pages"}],"about":[{"href":"https:\/\/grupomjgt.com\/index.php?rest_route=\/wp\/v2\/types\/page"}],"author":[{"embeddable":true,"href":"https:\/\/grupomjgt.com\/index.php?rest_route=\/wp\/v2\/users\/1"}],"replies":[{"embeddable":true,"href":"https:\/\/grupomjgt.com\/index.php?rest_route=%2Fwp%2Fv2%2Fcomments&post=9372"}],"version-history":[{"count":86,"href":"https:\/\/grupomjgt.com\/index.php?rest_route=\/wp\/v2\/pages\/9372\/revisions"}],"predecessor-version":[{"id":10530,"href":"https:\/\/grupomjgt.com\/index.php?rest_route=\/wp\/v2\/pages\/9372\/revisions\/10530"}],"wp:attachment":[{"href":"https:\/\/grupomjgt.com\/index.php?rest_route=%2Fwp%2Fv2%2Fmedia&parent=9372"}],"curies":[{"name":"wp","href":"https:\/\/api.w.org\/{rel}","templated":true}]}}